{"id":1087,"date":"2022-01-25T17:32:54","date_gmt":"2022-01-25T17:32:54","guid":{"rendered":"https:\/\/rebenzwerge.de\/?page_id=1087"},"modified":"2024-03-02T07:18:00","modified_gmt":"2024-03-02T07:18:00","slug":"so-leben-unsere-zwerge","status":"publish","type":"page","link":"https:\/\/rebenzwerge.de\/index.php\/so-leben-unsere-zwerge\/","title":{"rendered":"Kaninchen die auf Reise gehen"},"content":{"rendered":"\n<p>Wer nicht selbst die M\u00f6glickeit hat seine Zwerge bei uns abzuholen, kann mit mir einen Bringservice vereinbaren. In einem Umkreis von 50 km bin ich gerne bereit die Kaninchen in ihr neues Zuhause zu bringen. <\/p>\n\n\n\n<p><\/p>\n\n\n\n<p>F\u00fcr weitere Entfernungen organisiere ich auch einen Tiertransport f\u00fcr Sie. Das Risiko beim Tiertransport liegt bei den neuen Besitzern. Sobald die Kaninchen bei mir angeholt sind, geht die Verantwortung an den neuen Besitzer \u00fcber. Die Kosten f\u00fcr den Transport und die Transportbox m\u00fcssen vorab bezahlt werden. <\/p>\n\n\n\n<p><\/p>\n","protected":false},"excerpt":{"rendered":"<p>Wer nicht selbst die M\u00f6glickeit hat seine Zwerge bei uns abzuholen, kann mit mir einen Bringservice vereinbaren. In einem Umkreis von 50 km bin ich gerne bereit die Kaninchen in ihr neues Zuhause zu bringen. F\u00fcr weitere Entfernungen organisiere ich auch einen Tiertransport f\u00fcr Sie. Das Risiko beim Tiertransport liegt bei den neuen Besitzern. Sobald die Kaninchen bei mir angeholt sind, geht die Verantwortung an den neuen Besitzer \u00fcber. Die Kosten f\u00fcr den Transport und die Transportbox m\u00fcssen vorab bezahlt werden.<\/p>\n","protected":false},"author":1,"featured_media":0,"parent":0,"menu_order":0,"comment_status":"closed","ping_status":"closed","template":"","meta":{"footnotes":""},"class_list":["post-1087","page","type-page","status-publish","hentry"],"yoast_head":"<!-- This site is optimized with the Yoast SEO plugin v27.5 - https:\/\/yoast.com\/product\/yoast-seo-wordpress\/ -->\n<title>Kaninchen die auf Reise gehen - Rebenzwerge<\/title>\n<meta name=\"robots\" content=\"index, follow, max-snippet:-1, max-image-preview:large, max-video-preview:-1\" \/>\n<link rel=\"canonical\" href=\"https:\/\/rebenzwerge.de\/index.php\/so-leben-unsere-zwerge\/\" \/>\n<meta property=\"og:locale\" content=\"de_DE\" \/>\n<meta property=\"og:type\" content=\"article\" \/>\n<meta property=\"og:title\" content=\"Kaninchen die auf Reise gehen - Rebenzwerge\" \/>\n<meta property=\"og:description\" content=\"Wer nicht selbst die M\u00f6glickeit hat seine Zwerge bei uns abzuholen, kann mit mir einen Bringservice vereinbaren. In einem Umkreis von 50 km bin ich gerne bereit die Kaninchen in ihr neues Zuhause zu bringen. F\u00fcr weitere Entfernungen organisiere ich auch einen Tiertransport f\u00fcr Sie. Das Risiko beim Tiertransport liegt bei den neuen Besitzern. Sobald die Kaninchen bei mir angeholt sind, geht die Verantwortung an den neuen Besitzer \u00fcber. Die Kosten f\u00fcr den Transport und die Transportbox m\u00fcssen vorab bezahlt werden.\" \/>\n<meta property=\"og:url\" content=\"https:\/\/rebenzwerge.de\/index.php\/so-leben-unsere-zwerge\/\" \/>\n<meta property=\"og:site_name\" content=\"Rebenzwerge\" \/>\n<meta property=\"article:modified_time\" content=\"2024-03-02T07:18:00+00:00\" \/>\n<meta name=\"twitter:card\" content=\"summary_large_image\" \/>\n<meta name=\"twitter:label1\" content=\"Gesch\u00e4tzte Lesezeit\" \/>\n\t<meta name=\"twitter:data1\" content=\"1\u00a0Minute\" \/>\n<script type=\"application\/ld+json\" class=\"yoast-schema-graph\">{\"@context\":\"https:\\\/\\\/schema.org\",\"@graph\":[{\"@type\":\"WebPage\",\"@id\":\"https:\\\/\\\/rebenzwerge.de\\\/index.php\\\/so-leben-unsere-zwerge\\\/\",\"url\":\"https:\\\/\\\/rebenzwerge.de\\\/index.php\\\/so-leben-unsere-zwerge\\\/\",\"name\":\"Kaninchen die auf Reise gehen - Rebenzwerge\",\"isPartOf\":{\"@id\":\"https:\\\/\\\/rebenzwerge.de\\\/#website\"},\"datePublished\":\"2022-01-25T17:32:54+00:00\",\"dateModified\":\"2024-03-02T07:18:00+00:00\",\"breadcrumb\":{\"@id\":\"https:\\\/\\\/rebenzwerge.de\\\/index.php\\\/so-leben-unsere-zwerge\\\/#breadcrumb\"},\"inLanguage\":\"de\",\"potentialAction\":[{\"@type\":\"ReadAction\",\"target\":[\"https:\\\/\\\/rebenzwerge.de\\\/index.php\\\/so-leben-unsere-zwerge\\\/\"]}]},{\"@type\":\"BreadcrumbList\",\"@id\":\"https:\\\/\\\/rebenzwerge.de\\\/index.php\\\/so-leben-unsere-zwerge\\\/#breadcrumb\",\"itemListElement\":[{\"@type\":\"ListItem\",\"position\":1,\"name\":\"Startseite\",\"item\":\"https:\\\/\\\/rebenzwerge.de\\\/\"},{\"@type\":\"ListItem\",\"position\":2,\"name\":\"Kaninchen die auf Reise gehen\"}]},{\"@type\":\"WebSite\",\"@id\":\"https:\\\/\\\/rebenzwerge.de\\\/#website\",\"url\":\"https:\\\/\\\/rebenzwerge.de\\\/\",\"name\":\"Rebenzwerge\",\"description\":\"Hobbyzucht mit Herz\",\"publisher\":{\"@id\":\"https:\\\/\\\/rebenzwerge.de\\\/#organization\"},\"potentialAction\":[{\"@type\":\"SearchAction\",\"target\":{\"@type\":\"EntryPoint\",\"urlTemplate\":\"https:\\\/\\\/rebenzwerge.de\\\/?s={search_term_string}\"},\"query-input\":{\"@type\":\"PropertyValueSpecification\",\"valueRequired\":true,\"valueName\":\"search_term_string\"}}],\"inLanguage\":\"de\"},{\"@type\":\"Organization\",\"@id\":\"https:\\\/\\\/rebenzwerge.de\\\/#organization\",\"name\":\"Rebenzwerge Hobbyzucht mit Herz\",\"url\":\"https:\\\/\\\/rebenzwerge.de\\\/\",\"logo\":{\"@type\":\"ImageObject\",\"inLanguage\":\"de\",\"@id\":\"https:\\\/\\\/rebenzwerge.de\\\/#\\\/schema\\\/logo\\\/image\\\/\",\"url\":\"https:\\\/\\\/rebenzwerge.de\\\/wp-content\\\/uploads\\\/2021\\\/05\\\/cropped-cropped-IMG_20210516_1902361-scaled-1.jpg\",\"contentUrl\":\"https:\\\/\\\/rebenzwerge.de\\\/wp-content\\\/uploads\\\/2021\\\/05\\\/cropped-cropped-IMG_20210516_1902361-scaled-1.jpg\",\"width\":2560,\"height\":1920,\"caption\":\"Rebenzwerge Hobbyzucht mit Herz\"},\"image\":{\"@id\":\"https:\\\/\\\/rebenzwerge.de\\\/#\\\/schema\\\/logo\\\/image\\\/\"}}]}<\/script>\n<!-- \/ Yoast SEO plugin. -->","yoast_head_json":{"title":"Kaninchen die auf Reise gehen - Rebenzwerge","robots":{"index":"index","follow":"follow","max-snippet":"max-snippet:-1","max-image-preview":"max-image-preview:large","max-video-preview":"max-video-preview:-1"},"canonical":"https:\/\/rebenzwerge.de\/index.php\/so-leben-unsere-zwerge\/","og_locale":"de_DE","og_type":"article","og_title":"Kaninchen die auf Reise gehen - Rebenzwerge","og_description":"Wer nicht selbst die M\u00f6glickeit hat seine Zwerge bei uns abzuholen, kann mit mir einen Bringservice vereinbaren. In einem Umkreis von 50 km bin ich gerne bereit die Kaninchen in ihr neues Zuhause zu bringen. F\u00fcr weitere Entfernungen organisiere ich auch einen Tiertransport f\u00fcr Sie. Das Risiko beim Tiertransport liegt bei den neuen Besitzern. Sobald die Kaninchen bei mir angeholt sind, geht die Verantwortung an den neuen Besitzer \u00fcber. Die Kosten f\u00fcr den Transport und die Transportbox m\u00fcssen vorab bezahlt werden.","og_url":"https:\/\/rebenzwerge.de\/index.php\/so-leben-unsere-zwerge\/","og_site_name":"Rebenzwerge","article_modified_time":"2024-03-02T07:18:00+00:00","twitter_card":"summary_large_image","twitter_misc":{"Gesch\u00e4tzte Lesezeit":"1\u00a0Minute"},"schema":{"@context":"https:\/\/schema.org","@graph":[{"@type":"WebPage","@id":"https:\/\/rebenzwerge.de\/index.php\/so-leben-unsere-zwerge\/","url":"https:\/\/rebenzwerge.de\/index.php\/so-leben-unsere-zwerge\/","name":"Kaninchen die auf Reise gehen - Rebenzwerge","isPartOf":{"@id":"https:\/\/rebenzwerge.de\/#website"},"datePublished":"2022-01-25T17:32:54+00:00","dateModified":"2024-03-02T07:18:00+00:00","breadcrumb":{"@id":"https:\/\/rebenzwerge.de\/index.php\/so-leben-unsere-zwerge\/#breadcrumb"},"inLanguage":"de","potentialAction":[{"@type":"ReadAction","target":["https:\/\/rebenzwerge.de\/index.php\/so-leben-unsere-zwerge\/"]}]},{"@type":"BreadcrumbList","@id":"https:\/\/rebenzwerge.de\/index.php\/so-leben-unsere-zwerge\/#breadcrumb","itemListElement":[{"@type":"ListItem","position":1,"name":"Startseite","item":"https:\/\/rebenzwerge.de\/"},{"@type":"ListItem","position":2,"name":"Kaninchen die auf Reise gehen"}]},{"@type":"WebSite","@id":"https:\/\/rebenzwerge.de\/#website","url":"https:\/\/rebenzwerge.de\/","name":"Rebenzwerge","description":"Hobbyzucht mit Herz","publisher":{"@id":"https:\/\/rebenzwerge.de\/#organization"},"potentialAction":[{"@type":"SearchAction","target":{"@type":"EntryPoint","urlTemplate":"https:\/\/rebenzwerge.de\/?s={search_term_string}"},"query-input":{"@type":"PropertyValueSpecification","valueRequired":true,"valueName":"search_term_string"}}],"inLanguage":"de"},{"@type":"Organization","@id":"https:\/\/rebenzwerge.de\/#organization","name":"Rebenzwerge Hobbyzucht mit Herz","url":"https:\/\/rebenzwerge.de\/","logo":{"@type":"ImageObject","inLanguage":"de","@id":"https:\/\/rebenzwerge.de\/#\/schema\/logo\/image\/","url":"https:\/\/rebenzwerge.de\/wp-content\/uploads\/2021\/05\/cropped-cropped-IMG_20210516_1902361-scaled-1.jpg","contentUrl":"https:\/\/rebenzwerge.de\/wp-content\/uploads\/2021\/05\/cropped-cropped-IMG_20210516_1902361-scaled-1.jpg","width":2560,"height":1920,"caption":"Rebenzwerge Hobbyzucht mit Herz"},"image":{"@id":"https:\/\/rebenzwerge.de\/#\/schema\/logo\/image\/"}}]}},"acf":[],"_links":{"self":[{"href":"https:\/\/rebenzwerge.de\/index.php\/wp-json\/wp\/v2\/pages\/1087","targetHints":{"allow":["GET"]}}],"collection":[{"href":"https:\/\/rebenzwerge.de\/index.php\/wp-json\/wp\/v2\/pages"}],"about":[{"href":"https:\/\/rebenzwerge.de\/index.php\/wp-json\/wp\/v2\/types\/page"}],"author":[{"embeddable":true,"href":"https:\/\/rebenzwerge.de\/index.php\/wp-json\/wp\/v2\/users\/1"}],"replies":[{"embeddable":true,"href":"https:\/\/rebenzwerge.de\/index.php\/wp-json\/wp\/v2\/comments?post=1087"}],"version-history":[{"count":9,"href":"https:\/\/rebenzwerge.de\/index.php\/wp-json\/wp\/v2\/pages\/1087\/revisions"}],"predecessor-version":[{"id":3907,"href":"https:\/\/rebenzwerge.de\/index.php\/wp-json\/wp\/v2\/pages\/1087\/revisions\/3907"}],"wp:attachment":[{"href":"https:\/\/rebenzwerge.de\/index.php\/wp-json\/wp\/v2\/media?parent=1087"}],"curies":[{"name":"wp","href":"https:\/\/api.w.org\/{rel}","templated":true}]}}